

{"id":13435,"date":"2023-04-21T08:56:43","date_gmt":"2023-04-21T06:56:43","guid":{"rendered":"https:\/\/agromix.com.pl\/cart\/"},"modified":"2024-04-23T14:53:15","modified_gmt":"2024-04-23T12:53:15","slug":"cart","status":"publish","type":"page","link":"https:\/\/agromix.com.pl\/en\/cart\/","title":{"rendered":"Cart"},"content":{"rendered":"\t\t<div data-elementor-type=\"wp-page\" data-elementor-id=\"13435\" class=\"elementor elementor-13435 elementor-441\" data-elementor-post-type=\"page\">\n\t\t\t\t<div class=\"elementor-element elementor-element-1e3ab6a e-flex e-con-boxed e-con e-parent\" data-id=\"1e3ab6a\" data-element_type=\"container\" data-e-type=\"container\" data-settings=\"{&quot;background_background&quot;:&quot;classic&quot;}\">\n\t\t\t\t\t<div class=\"e-con-inner\">\n\t\t\t\t\t<\/div>\n\t\t\t\t<\/div>\n\t\t<div class=\"elementor-element elementor-element-08486d4 e-flex e-con-boxed e-con e-parent\" data-id=\"08486d4\" data-element_type=\"container\" data-e-type=\"container\">\n\t\t\t\t\t<div class=\"e-con-inner\">\n\t\t\t\t\t<\/div>\n\t\t\t\t<\/div>\n\t\t\t\t<section class=\"elementor-section elementor-top-section elementor-element elementor-element-35943d49 elementor-hidden-desktop elementor-hidden-laptop elementor-hidden-tablet elementor-hidden-mobile elementor-section-boxed elementor-section-height-default elementor-section-height-default\" data-id=\"35943d49\" data-element_type=\"section\" data-e-type=\"section\">\n\t\t\t\t\t\t<div class=\"elementor-container elementor-column-gap-default\">\n\t\t\t\t\t<div class=\"elementor-column elementor-col-100 elementor-top-column elementor-element elementor-element-42850e93\" data-id=\"42850e93\" data-element_type=\"column\" data-e-type=\"column\">\n\t\t\t<div class=\"elementor-widget-wrap elementor-element-populated\">\n\t\t\t\t\t\t<div class=\"elementor-element elementor-element-77db74ad elementor-widget elementor-widget-text-editor\" data-id=\"77db74ad\" data-element_type=\"widget\" data-e-type=\"widget\" data-widget_type=\"text-editor.default\">\n\t\t\t\t<div class=\"elementor-widget-container\">\n\t\t\t\t\t\t\t\t\t\n\t\t\t\t\t\t\t\t<\/div>\n\t\t\t\t<\/div>\n\t\t\t\t\t<\/div>\n\t\t<\/div>\n\t\t\t\t\t<\/div>\n\t\t<\/section>\n\t\t\t\t<\/div>\n\t\t","protected":false},"excerpt":{"rendered":"<p>Your cart is currently empty. Return to shop<\/p>\n","protected":false},"author":1,"featured_media":0,"parent":0,"menu_order":0,"comment_status":"closed","ping_status":"closed","template":"","meta":{"_acf_changed":false,"footnotes":""},"class_list":["post-13435","page","type-page","status-publish","hentry"],"acf":[],"yoast_head":"<!-- This site is optimized with the Yoast SEO plugin v27.3 - https:\/\/yoast.com\/product\/yoast-seo-wordpress\/ -->\n<title>Cart - Agromix<\/title>\n<meta name=\"description\" content=\"Cart \ud83d\udc49 polski producent \u015brodk\u00f3w ochrony ro\u015blin i adiuwant\u00f3w Agromix \ud83c\udf3f\" \/>\n<meta name=\"robots\" content=\"index, follow, max-snippet:-1, max-image-preview:large, max-video-preview:-1\" \/>\n<link rel=\"canonical\" href=\"https:\/\/agromix.com.pl\/en\/cart\/\" \/>\n<script type=\"application\/ld+json\" class=\"yoast-schema-graph\">{\"@context\":\"https:\\\/\\\/schema.org\",\"@graph\":[{\"@type\":\"WebPage\",\"@id\":\"https:\\\/\\\/agromix.com.pl\\\/en\\\/cart\\\/\",\"url\":\"https:\\\/\\\/agromix.com.pl\\\/en\\\/cart\\\/\",\"name\":\"Cart - Agromix\",\"isPartOf\":{\"@id\":\"https:\\\/\\\/agromix.com.pl\\\/#website\"},\"datePublished\":\"2023-04-21T06:56:43+00:00\",\"dateModified\":\"2024-04-23T12:53:15+00:00\",\"description\":\"Cart \ud83d\udc49 polski producent \u015brodk\u00f3w ochrony ro\u015blin i adiuwant\u00f3w Agromix \ud83c\udf3f\",\"breadcrumb\":{\"@id\":\"https:\\\/\\\/agromix.com.pl\\\/en\\\/cart\\\/#breadcrumb\"},\"inLanguage\":\"en-US\",\"potentialAction\":[{\"@type\":\"ReadAction\",\"target\":[\"https:\\\/\\\/agromix.com.pl\\\/en\\\/cart\\\/\"]}]},{\"@type\":\"BreadcrumbList\",\"@id\":\"https:\\\/\\\/agromix.com.pl\\\/en\\\/cart\\\/#breadcrumb\",\"itemListElement\":[{\"@type\":\"ListItem\",\"position\":1,\"name\":\"Strona g\u0142\u00f3wna\",\"item\":\"https:\\\/\\\/agromix.com.pl\\\/\"},{\"@type\":\"ListItem\",\"position\":2,\"name\":\"Cart\"}]},{\"@type\":\"WebSite\",\"@id\":\"https:\\\/\\\/agromix.com.pl\\\/#website\",\"url\":\"https:\\\/\\\/agromix.com.pl\\\/\",\"name\":\"Agromix\",\"description\":\"Polskie Adiuwanty dla Profesjonalnych Rolnik\u00f3w\",\"publisher\":{\"@id\":\"https:\\\/\\\/agromix.com.pl\\\/#organization\"},\"potentialAction\":[{\"@type\":\"SearchAction\",\"target\":{\"@type\":\"EntryPoint\",\"urlTemplate\":\"https:\\\/\\\/agromix.com.pl\\\/?s={search_term_string}\"},\"query-input\":{\"@type\":\"PropertyValueSpecification\",\"valueRequired\":true,\"valueName\":\"search_term_string\"}}],\"inLanguage\":\"en-US\"},{\"@type\":\"Organization\",\"@id\":\"https:\\\/\\\/agromix.com.pl\\\/#organization\",\"name\":\"Agromix\",\"url\":\"https:\\\/\\\/agromix.com.pl\\\/\",\"logo\":{\"@type\":\"ImageObject\",\"inLanguage\":\"en-US\",\"@id\":\"https:\\\/\\\/agromix.com.pl\\\/#\\\/schema\\\/logo\\\/image\\\/\",\"url\":\"https:\\\/\\\/agromix.com.pl\\\/wp-content\\\/uploads\\\/2023\\\/07\\\/AGROMIX-logo-en.svg\",\"contentUrl\":\"https:\\\/\\\/agromix.com.pl\\\/wp-content\\\/uploads\\\/2023\\\/07\\\/AGROMIX-logo-en.svg\",\"width\":443,\"height\":114,\"caption\":\"Agromix\"},\"image\":{\"@id\":\"https:\\\/\\\/agromix.com.pl\\\/#\\\/schema\\\/logo\\\/image\\\/\"}}]}<\/script>\n<!-- \/ Yoast SEO plugin. -->","yoast_head_json":{"title":"Cart - Agromix","description":"Cart \ud83d\udc49 polski producent \u015brodk\u00f3w ochrony ro\u015blin i adiuwant\u00f3w Agromix \ud83c\udf3f","robots":{"index":"index","follow":"follow","max-snippet":"max-snippet:-1","max-image-preview":"max-image-preview:large","max-video-preview":"max-video-preview:-1"},"canonical":"https:\/\/agromix.com.pl\/en\/cart\/","schema":{"@context":"https:\/\/schema.org","@graph":[{"@type":"WebPage","@id":"https:\/\/agromix.com.pl\/en\/cart\/","url":"https:\/\/agromix.com.pl\/en\/cart\/","name":"Cart - Agromix","isPartOf":{"@id":"https:\/\/agromix.com.pl\/#website"},"datePublished":"2023-04-21T06:56:43+00:00","dateModified":"2024-04-23T12:53:15+00:00","description":"Cart \ud83d\udc49 polski producent \u015brodk\u00f3w ochrony ro\u015blin i adiuwant\u00f3w Agromix \ud83c\udf3f","breadcrumb":{"@id":"https:\/\/agromix.com.pl\/en\/cart\/#breadcrumb"},"inLanguage":"en-US","potentialAction":[{"@type":"ReadAction","target":["https:\/\/agromix.com.pl\/en\/cart\/"]}]},{"@type":"BreadcrumbList","@id":"https:\/\/agromix.com.pl\/en\/cart\/#breadcrumb","itemListElement":[{"@type":"ListItem","position":1,"name":"Strona g\u0142\u00f3wna","item":"https:\/\/agromix.com.pl\/"},{"@type":"ListItem","position":2,"name":"Cart"}]},{"@type":"WebSite","@id":"https:\/\/agromix.com.pl\/#website","url":"https:\/\/agromix.com.pl\/","name":"Agromix","description":"Polskie Adiuwanty dla Profesjonalnych Rolnik\u00f3w","publisher":{"@id":"https:\/\/agromix.com.pl\/#organization"},"potentialAction":[{"@type":"SearchAction","target":{"@type":"EntryPoint","urlTemplate":"https:\/\/agromix.com.pl\/?s={search_term_string}"},"query-input":{"@type":"PropertyValueSpecification","valueRequired":true,"valueName":"search_term_string"}}],"inLanguage":"en-US"},{"@type":"Organization","@id":"https:\/\/agromix.com.pl\/#organization","name":"Agromix","url":"https:\/\/agromix.com.pl\/","logo":{"@type":"ImageObject","inLanguage":"en-US","@id":"https:\/\/agromix.com.pl\/#\/schema\/logo\/image\/","url":"https:\/\/agromix.com.pl\/wp-content\/uploads\/2023\/07\/AGROMIX-logo-en.svg","contentUrl":"https:\/\/agromix.com.pl\/wp-content\/uploads\/2023\/07\/AGROMIX-logo-en.svg","width":443,"height":114,"caption":"Agromix"},"image":{"@id":"https:\/\/agromix.com.pl\/#\/schema\/logo\/image\/"}}]}},"_links":{"self":[{"href":"https:\/\/agromix.com.pl\/en\/wp-json\/wp\/v2\/pages\/13435","targetHints":{"allow":["GET"]}}],"collection":[{"href":"https:\/\/agromix.com.pl\/en\/wp-json\/wp\/v2\/pages"}],"about":[{"href":"https:\/\/agromix.com.pl\/en\/wp-json\/wp\/v2\/types\/page"}],"author":[{"embeddable":true,"href":"https:\/\/agromix.com.pl\/en\/wp-json\/wp\/v2\/users\/1"}],"replies":[{"embeddable":true,"href":"https:\/\/agromix.com.pl\/en\/wp-json\/wp\/v2\/comments?post=13435"}],"version-history":[{"count":2,"href":"https:\/\/agromix.com.pl\/en\/wp-json\/wp\/v2\/pages\/13435\/revisions"}],"predecessor-version":[{"id":14626,"href":"https:\/\/agromix.com.pl\/en\/wp-json\/wp\/v2\/pages\/13435\/revisions\/14626"}],"wp:attachment":[{"href":"https:\/\/agromix.com.pl\/en\/wp-json\/wp\/v2\/media?parent=13435"}],"curies":[{"name":"wp","href":"https:\/\/api.w.org\/{rel}","templated":true}]}}